{"id":559,"date":"2021-09-15T23:15:37","date_gmt":"2021-09-15T23:15:37","guid":{"rendered":"https:\/\/www.flysports.com.br\/?page_id=559"},"modified":"2025-08-01T15:42:56","modified_gmt":"2025-08-01T15:42:56","slug":"parceiro","status":"publish","type":"page","link":"https:\/\/www.flysports.com.br\/en\/parceiro\/","title":{"rendered":"Partner"},"content":{"rendered":"<div data-elementor-type=\"wp-page\" data-elementor-id=\"559\" class=\"elementor elementor-559\">\n\t\t\t\t\t\t<section class=\"has_ma_el_bg_slider elementor-section elementor-top-section elementor-element elementor-element-7e82111 elementor-section-boxed elementor-section-height-default elementor-section-height-default jltma-glass-effect-no wpr-particle-no wpr-jarallax-no wpr-parallax-no wpr-sticky-section-no\" data-id=\"7e82111\" data-element_type=\"section\" data-settings=\"{&quot;background_background&quot;:&quot;video&quot;,&quot;background_video_link&quot;:&quot;https:\\\/\\\/www.youtube.com\\\/watch?v=YWOB0V2Yp2s&quot;,&quot;background_video_start&quot;:15}\">\n\t\t\t\t\t\t\t\t<div class=\"elementor-background-video-container elementor-hidden-mobile\" aria-hidden=\"true\">\n\t\t\t\t\t\t\t\t\t\t\t\t\t<div class=\"elementor-background-video-embed\"><\/div>\n\t\t\t\t\t\t\t\t\t\t\t\t<\/div>\n\t\t\t\t\t\t\t\t\t<div class=\"elementor-background-overlay\"><\/div>\n\t\t\t\t\t\t\t<div class=\"elementor-container elementor-column-gap-default\">\n\t\t\t\t\t<div class=\"has_ma_el_bg_slider elementor-column elementor-col-100 elementor-top-column elementor-element elementor-element-f1760fe jltma-glass-effect-no\" data-id=\"f1760fe\" data-element_type=\"column\">\n\t\t\t<div class=\"elementor-widget-wrap elementor-element-populated\">\n\t\t\t\t\t\t<div class=\"elementor-element elementor-element-05ddf2d jltma-glass-effect-no elementor-widget elementor-widget-heading\" data-id=\"05ddf2d\" data-element_type=\"widget\" data-widget_type=\"heading.default\">\n\t\t\t\t<div class=\"elementor-widget-container\">\n\t\t\t\t\t<h2 class=\"elementor-heading-title elementor-size-default\">Be a Fly Sports and be part of the change<\/h2>\t\t\t\t<\/div>\n\t\t\t\t<\/div>\n\t\t\t\t\t<\/div>\n\t\t<\/div>\n\t\t\t\t\t<\/div>\n\t\t<\/section>\n\t\t\t\t<section class=\"has_ma_el_bg_slider elementor-section elementor-top-section elementor-element elementor-element-f8362f9 elementor-section-boxed elementor-section-height-default elementor-section-height-default jltma-glass-effect-no wpr-particle-no wpr-jarallax-no wpr-parallax-no wpr-sticky-section-no\" data-id=\"f8362f9\" data-element_type=\"section\">\n\t\t\t\t\t\t<div class=\"elementor-container elementor-column-gap-default\">\n\t\t\t\t\t<div class=\"has_ma_el_bg_slider elementor-column elementor-col-50 elementor-top-column elementor-element elementor-element-3d08834 jltma-glass-effect-no\" data-id=\"3d08834\" data-element_type=\"column\">\n\t\t\t<div class=\"elementor-widget-wrap elementor-element-populated\">\n\t\t\t\t\t\t<div class=\"elementor-element elementor-element-7ed4771 animated-fast jltma-glass-effect-no elementor-invisible elementor-widget elementor-widget-heading\" data-id=\"7ed4771\" data-element_type=\"widget\" data-settings=\"{&quot;_animation&quot;:&quot;fadeInUp&quot;}\" data-widget_type=\"heading.default\">\n\t\t\t\t<div class=\"elementor-widget-container\">\n\t\t\t\t\t<h2 class=\"elementor-heading-title elementor-size-default\">A successful partnership<\/h2>\t\t\t\t<\/div>\n\t\t\t\t<\/div>\n\t\t\t\t<div class=\"elementor-element elementor-element-9fc333d texto_padrao animated-fast jltma-glass-effect-no elementor-invisible elementor-widget elementor-widget-text-editor\" data-id=\"9fc333d\" data-element_type=\"widget\" data-settings=\"{&quot;_animation&quot;:&quot;fadeInUp&quot;}\" data-widget_type=\"text-editor.default\">\n\t\t\t\t<div class=\"elementor-widget-container\">\n\t\t\t\t\t\t\t\t\t<p>Partners<\/p>\t\t\t\t\t\t\t\t<\/div>\n\t\t\t\t<\/div>\n\t\t\t\t<div class=\"elementor-element elementor-element-96512a4 texto_padrao2 animated-fast jltma-glass-effect-no elementor-invisible elementor-widget elementor-widget-text-editor\" data-id=\"96512a4\" data-element_type=\"widget\" data-settings=\"{&quot;_animation&quot;:&quot;fadeInUp&quot;}\" data-widget_type=\"text-editor.default\">\n\t\t\t\t<div class=\"elementor-widget-container\">\n\t\t\t\t\t\t\t\t\t<p>Associate your brand with Fly Sports and be part, in a pioneering way, of the main tennis events in MG and Brazil; Sponsor our teams, where the athletes&#039; results will allow visibility in prominent national and international tournaments. Be an agent of change and support our talent detection and development initiatives for various sports.<\/p>\t\t\t\t\t\t\t\t<\/div>\n\t\t\t\t<\/div>\n\t\t\t\t\t<\/div>\n\t\t<\/div>\n\t\t\t\t<div class=\"has_ma_el_bg_slider elementor-column elementor-col-50 elementor-top-column elementor-element elementor-element-b16cece jltma-glass-effect-no\" data-id=\"b16cece\" data-element_type=\"column\">\n\t\t\t<div class=\"elementor-widget-wrap elementor-element-populated\">\n\t\t\t\t\t\t<div class=\"elementor-element elementor-element-4332c70 animated-fast jltma-glass-effect-no elementor-invisible elementor-widget elementor-widget-image\" data-id=\"4332c70\" data-element_type=\"widget\" data-settings=\"{&quot;_animation&quot;:&quot;fadeInUp&quot;}\" data-widget_type=\"image.default\">\n\t\t\t\t<div class=\"elementor-widget-container\">\n\t\t\t\t\t\t\t\t\t\t\t\t\t\t\t<img fetchpriority=\"high\" decoding=\"async\" width=\"515\" height=\"485\" src=\"https:\/\/www.flysports.com.br\/wp-content\/uploads\/2022\/01\/pagina_inicial_03-1.png\" class=\"attachment-full size-full wp-image-695\" alt=\"\" srcset=\"https:\/\/www.flysports.com.br\/wp-content\/uploads\/2022\/01\/pagina_inicial_03-1.png 515w, https:\/\/www.flysports.com.br\/wp-content\/uploads\/2022\/01\/pagina_inicial_03-1-300x283.png 300w, https:\/\/www.flysports.com.br\/wp-content\/uploads\/2022\/01\/pagina_inicial_03-1-13x12.png 13w\" sizes=\"(max-width: 515px) 100vw, 515px\" style=\"width:100%;height:94.17%;max-width:515px\" \/>\t\t\t\t\t\t\t\t\t\t\t\t\t\t\t<\/div>\n\t\t\t\t<\/div>\n\t\t\t\t\t<\/div>\n\t\t<\/div>\n\t\t\t\t\t<\/div>\n\t\t<\/section>\n\t\t\t\t<section class=\"has_ma_el_bg_slider elementor-section elementor-top-section elementor-element elementor-element-2797511 elementor-section-boxed elementor-section-height-default elementor-section-height-default jltma-glass-effect-no wpr-particle-no wpr-jarallax-no wpr-parallax-no wpr-sticky-section-no\" data-id=\"2797511\" data-element_type=\"section\">\n\t\t\t\t\t\t<div class=\"elementor-container elementor-column-gap-default\">\n\t\t\t\t\t<div class=\"has_ma_el_bg_slider elementor-column elementor-col-100 elementor-top-column elementor-element elementor-element-143f6f4 jltma-glass-effect-no\" data-id=\"143f6f4\" data-element_type=\"column\">\n\t\t\t<div class=\"elementor-widget-wrap elementor-element-populated\">\n\t\t\t\t\t\t<div class=\"elementor-element elementor-element-e88c1f8 elementor-widget-divider--view-line jltma-glass-effect-no elementor-widget elementor-widget-divider\" data-id=\"e88c1f8\" data-element_type=\"widget\" data-widget_type=\"divider.default\">\n\t\t\t\t<div class=\"elementor-widget-container\">\n\t\t\t\t\t\t\t<div class=\"elementor-divider\">\n\t\t\t<span class=\"elementor-divider-separator\">\n\t\t\t\t\t\t<\/span>\n\t\t<\/div>\n\t\t\t\t\t\t<\/div>\n\t\t\t\t<\/div>\n\t\t\t\t\t<\/div>\n\t\t<\/div>\n\t\t\t\t\t<\/div>\n\t\t<\/section>\n\t\t\t\t<section class=\"has_ma_el_bg_slider elementor-section elementor-top-section elementor-element elementor-element-09f75cf elementor-section-boxed elementor-section-height-default elementor-section-height-default jltma-glass-effect-no wpr-particle-no wpr-jarallax-no wpr-parallax-no wpr-sticky-section-no\" data-id=\"09f75cf\" data-element_type=\"section\">\n\t\t\t\t\t\t<div class=\"elementor-container elementor-column-gap-default\">\n\t\t\t\t\t<div class=\"has_ma_el_bg_slider elementor-column elementor-col-100 elementor-top-column elementor-element elementor-element-11d6ed3 jltma-glass-effect-no\" data-id=\"11d6ed3\" data-element_type=\"column\">\n\t\t\t<div class=\"elementor-widget-wrap elementor-element-populated\">\n\t\t\t\t\t\t<div class=\"elementor-element elementor-element-b795756 texto_padrao animated-fast jltma-glass-effect-no elementor-invisible elementor-widget elementor-widget-text-editor\" data-id=\"b795756\" data-element_type=\"widget\" data-settings=\"{&quot;_animation&quot;:&quot;fadeInUp&quot;}\" data-widget_type=\"text-editor.default\">\n\t\t\t\t<div class=\"elementor-widget-container\">\n\t\t\t\t\t\t\t\t\t<p>Partnership<\/p>\t\t\t\t\t\t\t\t<\/div>\n\t\t\t\t<\/div>\n\t\t\t\t<div class=\"elementor-element elementor-element-ac2eab3 texto_padrao2 animated-fast jltma-glass-effect-no elementor-invisible elementor-widget elementor-widget-text-editor\" data-id=\"ac2eab3\" data-element_type=\"widget\" data-settings=\"{&quot;_animation&quot;:&quot;fadeInUp&quot;}\" data-widget_type=\"text-editor.default\">\n\t\t\t\t<div class=\"elementor-widget-container\">\n\t\t\t\t\t\t\t\t\t<p>Fill out the form correctly. We will contact you as soon as possible.<\/p>\t\t\t\t\t\t\t\t<\/div>\n\t\t\t\t<\/div>\n\t\t\t\t<div class=\"elementor-element elementor-element-bd71b31 elementor-button-align-stretch jltma-glass-effect-no elementor-widget elementor-widget-form\" data-id=\"bd71b31\" data-element_type=\"widget\" data-settings=\"{&quot;step_next_label&quot;:&quot;Next&quot;,&quot;step_previous_label&quot;:&quot;Previous&quot;,&quot;button_width&quot;:&quot;100&quot;,&quot;step_type&quot;:&quot;number_text&quot;,&quot;step_icon_shape&quot;:&quot;circle&quot;}\" data-widget_type=\"form.default\">\n\t\t\t\t<div class=\"elementor-widget-container\">\n\t\t\t\t\t\t\t<form class=\"elementor-form\" method=\"post\" name=\"New Form\" action=\"\">\n\t\t\t<input type=\"hidden\" name=\"post_id\" value=\"559\"\/>\n\t\t\t<input type=\"hidden\" name=\"form_id\" value=\"bd71b31\"\/>\n\t\t\t<input type=\"hidden\" name=\"referer_title\" value=\"Fly Sports\" \/>\n\n\t\t\t\n\t\t\t<div class=\"elementor-form-fields-wrapper elementor-labels-\">\n\t\t\t\t\t\t\t\t<div class=\"elementor-field-type-text elementor-field-group elementor-column elementor-field-group-name elementor-col-50\">\n\t\t\t\t\t\t\t\t\t\t\t\t\t<input size=\"1\" type=\"text\" name=\"form_fields[name]\" id=\"form-field-name\" class=\"elementor-field elementor-size-sm  elementor-field-textual\" placeholder=\"Full name\">\n\t\t\t\t\t\t\t\t\t\t\t<\/div>\n\t\t\t\t\t\t\t\t<div class=\"elementor-field-type-email elementor-field-group elementor-column elementor-field-group-field_5130f7e elementor-col-50\">\n\t\t\t\t\t\t\t\t\t\t\t\t\t<input size=\"1\" type=\"email\" name=\"form_fields[field_5130f7e]\" id=\"form-field-field_5130f7e\" class=\"elementor-field elementor-size-sm  elementor-field-textual\" placeholder=\"Email\">\n\t\t\t\t\t\t\t\t\t\t\t<\/div>\n\t\t\t\t\t\t\t\t<div class=\"elementor-field-type-text elementor-field-group elementor-column elementor-field-group-field_24cdbd6 elementor-col-50\">\n\t\t\t\t\t\t\t\t\t\t\t\t\t<input size=\"1\" type=\"text\" name=\"form_fields[field_24cdbd6]\" id=\"form-field-field_24cdbd6\" class=\"elementor-field elementor-size-sm  elementor-field-textual\" placeholder=\"Subject\">\n\t\t\t\t\t\t\t\t\t\t\t<\/div>\n\t\t\t\t\t\t\t\t<div class=\"elementor-field-type-tel elementor-field-group elementor-column elementor-field-group-field_ce29263 elementor-col-50\">\n\t\t\t\t\t\t\t<input size=\"1\" type=\"tel\" name=\"form_fields[field_ce29263]\" id=\"form-field-field_ce29263\" class=\"elementor-field elementor-size-sm  elementor-field-textual\" placeholder=\"Telephone\" pattern=\"[0-9()#&amp;+*-=.]+\" title=\"Only numbers and phone characters (#, -, *, etc) are accepted.\">\n\n\t\t\t\t\t\t<\/div>\n\t\t\t\t\t\t\t\t<div class=\"elementor-field-type-textarea elementor-field-group elementor-column elementor-field-group-message elementor-col-100\">\n\t\t\t\t\t<textarea class=\"elementor-field-textual elementor-field  elementor-size-sm\" name=\"form_fields[message]\" id=\"form-field-message\" rows=\"9\" placeholder=\"write your message\"><\/textarea>\t\t\t\t<\/div>\n\t\t\t\t\t\t\t\t<div class=\"elementor-field-group elementor-column elementor-field-type-submit elementor-col-100 e-form__buttons\">\n\t\t\t\t\t<button type=\"submit\" class=\"elementor-button elementor-size-sm\">\n\t\t\t\t\t\t<span >\n\t\t\t\t\t\t\t\t\t\t\t\t\t\t\t<span class=\"elementor-button-icon\">\n\t\t\t\t\t\t\t\t\t\t\t\t\t\t\t\t\t\t\t\t\t\t\t\t\t\t<\/span>\n\t\t\t\t\t\t\t\t\t\t\t\t\t\t\t\t\t\t\t\t\t\t<span class=\"elementor-button-text\">I want to be a partner<\/span>\n\t\t\t\t\t\t\t\t\t\t\t\t\t<\/span>\n\t\t\t\t\t<\/button>\n\t\t\t\t<\/div>\n\t\t\t<\/div>\n\t\t<input type=\"hidden\" name=\"trp-form-language\" value=\"en\"\/><\/form>\n\t\t\t\t\t\t<\/div>\n\t\t\t\t<\/div>\n\t\t\t\t\t<\/div>\n\t\t<\/div>\n\t\t\t\t\t<\/div>\n\t\t<\/section>\n\t\t\t\t<\/div>","protected":false},"excerpt":{"rendered":"<p>Become a Fly Sports member and be part of the change. A successful partnership. Partners: Associate your brand with Fly Sports and be a pioneer in the main tennis events in Minas Gerais and Brazil. Sponsor our teams, where the athletes&#039; results will provide visibility in major national and international tournaments. Be an agent of change and support our talent detection and development initiatives for various sports. Partnership: Fill out the form correctly. We will contact you as soon as possible.<\/p>","protected":false},"author":1,"featured_media":0,"parent":0,"menu_order":0,"comment_status":"closed","ping_status":"closed","template":"elementor_header_footer","meta":{"_acf_changed":false,"footnotes":""},"class_list":["post-559","page","type-page","status-publish","hentry","entry"],"acf":[],"yoast_head":"<!-- This site is optimized with the Yoast SEO plugin v25.6 - https:\/\/yoast.com\/wordpress\/plugins\/seo\/ -->\n<title>Parceiro - Fly Sports<\/title>\n<meta name=\"robots\" content=\"index, follow, max-snippet:-1, max-image-preview:large, max-video-preview:-1\" \/>\n<link rel=\"canonical\" href=\"https:\/\/www.flysports.com.br\/en\/parceiro\/\" \/>\n<meta property=\"og:locale\" content=\"en_US\" \/>\n<meta property=\"og:type\" content=\"article\" \/>\n<meta property=\"og:title\" content=\"Parceiro - Fly Sports\" \/>\n<meta property=\"og:description\" content=\"Seja um Fly Sports e fa\u00e7a parte da mudan\u00e7a Uma parceria de sucesso Parceiros Associe sua marca \u00e0 Fly Sports e fa\u00e7a parte, de uma maneira pioneira, dos principais eventos do t\u00eanis de MG e do Brasil; Patrocine nossas equipes, onde os resultados dos atletas permitir\u00e3o visibilidade nos torneios de destaque nacionais e internacionais. Seja um agente de mudan\u00e7a e apoie nossas iniciativas de detec\u00e7\u00e3o e desenvolvimento de talentos para diversas modalidades esportivas. Parceria Preencha o formul\u00e1rio corretamente. Entraremos em contato o mais breve poss\u00edvel.\" \/>\n<meta property=\"og:url\" content=\"https:\/\/www.flysports.com.br\/en\/parceiro\/\" \/>\n<meta property=\"og:site_name\" content=\"Fly Sports\" \/>\n<meta property=\"article:modified_time\" content=\"2025-08-01T15:42:56+00:00\" \/>\n<meta property=\"og:image\" content=\"https:\/\/www.flysports.com.br\/wp-content\/uploads\/2022\/01\/pagina_inicial_03-1.png\" \/>\n\t<meta property=\"og:image:width\" content=\"515\" \/>\n\t<meta property=\"og:image:height\" content=\"485\" \/>\n\t<meta property=\"og:image:type\" content=\"image\/png\" \/>\n<meta name=\"twitter:card\" content=\"summary_large_image\" \/>\n<meta name=\"twitter:label1\" content=\"Est. reading time\" \/>\n\t<meta name=\"twitter:data1\" content=\"1 minute\" \/>\n<script type=\"application\/ld+json\" class=\"yoast-schema-graph\">{\"@context\":\"https:\/\/schema.org\",\"@graph\":[{\"@type\":\"WebPage\",\"@id\":\"https:\/\/www.flysports.com.br\/parceiro\/\",\"url\":\"https:\/\/www.flysports.com.br\/parceiro\/\",\"name\":\"Parceiro - Fly Sports\",\"isPartOf\":{\"@id\":\"https:\/\/www.flysports.com.br\/#website\"},\"primaryImageOfPage\":{\"@id\":\"https:\/\/www.flysports.com.br\/parceiro\/#primaryimage\"},\"image\":{\"@id\":\"https:\/\/www.flysports.com.br\/parceiro\/#primaryimage\"},\"thumbnailUrl\":\"https:\/\/www.flysports.com.br\/wp-content\/uploads\/2022\/01\/pagina_inicial_03-1.png\",\"datePublished\":\"2021-09-15T23:15:37+00:00\",\"dateModified\":\"2025-08-01T15:42:56+00:00\",\"breadcrumb\":{\"@id\":\"https:\/\/www.flysports.com.br\/parceiro\/#breadcrumb\"},\"inLanguage\":\"en-US\",\"potentialAction\":[{\"@type\":\"ReadAction\",\"target\":[\"https:\/\/www.flysports.com.br\/parceiro\/\"]}]},{\"@type\":\"ImageObject\",\"inLanguage\":\"en-US\",\"@id\":\"https:\/\/www.flysports.com.br\/parceiro\/#primaryimage\",\"url\":\"https:\/\/www.flysports.com.br\/wp-content\/uploads\/2022\/01\/pagina_inicial_03-1.png\",\"contentUrl\":\"https:\/\/www.flysports.com.br\/wp-content\/uploads\/2022\/01\/pagina_inicial_03-1.png\"},{\"@type\":\"BreadcrumbList\",\"@id\":\"https:\/\/www.flysports.com.br\/parceiro\/#breadcrumb\",\"itemListElement\":[{\"@type\":\"ListItem\",\"position\":1,\"name\":\"In\u00edcio\",\"item\":\"https:\/\/www.flysports.com.br\/\"},{\"@type\":\"ListItem\",\"position\":2,\"name\":\"Parceiro\"}]},{\"@type\":\"WebSite\",\"@id\":\"https:\/\/www.flysports.com.br\/#website\",\"url\":\"https:\/\/www.flysports.com.br\/\",\"name\":\"Fly Sports\",\"description\":\"Academia de T\u00eanis\",\"publisher\":{\"@id\":\"https:\/\/www.flysports.com.br\/#organization\"},\"potentialAction\":[{\"@type\":\"SearchAction\",\"target\":{\"@type\":\"EntryPoint\",\"urlTemplate\":\"https:\/\/www.flysports.com.br\/?s={search_term_string}\"},\"query-input\":{\"@type\":\"PropertyValueSpecification\",\"valueRequired\":true,\"valueName\":\"search_term_string\"}}],\"inLanguage\":\"en-US\"},{\"@type\":\"Organization\",\"@id\":\"https:\/\/www.flysports.com.br\/#organization\",\"name\":\"Fly Sports\",\"url\":\"https:\/\/www.flysports.com.br\/\",\"logo\":{\"@type\":\"ImageObject\",\"inLanguage\":\"en-US\",\"@id\":\"https:\/\/www.flysports.com.br\/#\/schema\/logo\/image\/\",\"url\":\"https:\/\/www.flysports.com.br\/wp-content\/uploads\/2021\/08\/pagina_inicial_03.png\",\"contentUrl\":\"https:\/\/www.flysports.com.br\/wp-content\/uploads\/2021\/08\/pagina_inicial_03.png\",\"width\":136,\"height\":75,\"caption\":\"Fly Sports\"},\"image\":{\"@id\":\"https:\/\/www.flysports.com.br\/#\/schema\/logo\/image\/\"}}]}<\/script>\n<!-- \/ Yoast SEO plugin. -->","yoast_head_json":{"title":"Partner - Fly Sports","robots":{"index":"index","follow":"follow","max-snippet":"max-snippet:-1","max-image-preview":"max-image-preview:large","max-video-preview":"max-video-preview:-1"},"canonical":"https:\/\/www.flysports.com.br\/en\/parceiro\/","og_locale":"en_US","og_type":"article","og_title":"Parceiro - Fly Sports","og_description":"Seja um Fly Sports e fa\u00e7a parte da mudan\u00e7a Uma parceria de sucesso Parceiros Associe sua marca \u00e0 Fly Sports e fa\u00e7a parte, de uma maneira pioneira, dos principais eventos do t\u00eanis de MG e do Brasil; Patrocine nossas equipes, onde os resultados dos atletas permitir\u00e3o visibilidade nos torneios de destaque nacionais e internacionais. Seja um agente de mudan\u00e7a e apoie nossas iniciativas de detec\u00e7\u00e3o e desenvolvimento de talentos para diversas modalidades esportivas. Parceria Preencha o formul\u00e1rio corretamente. Entraremos em contato o mais breve poss\u00edvel.","og_url":"https:\/\/www.flysports.com.br\/en\/parceiro\/","og_site_name":"Fly Sports","article_modified_time":"2025-08-01T15:42:56+00:00","og_image":[{"width":515,"height":485,"url":"https:\/\/www.flysports.com.br\/wp-content\/uploads\/2022\/01\/pagina_inicial_03-1.png","type":"image\/png"}],"twitter_card":"summary_large_image","twitter_misc":{"Est. reading time":"1 minute"},"schema":{"@context":"https:\/\/schema.org","@graph":[{"@type":"WebPage","@id":"https:\/\/www.flysports.com.br\/parceiro\/","url":"https:\/\/www.flysports.com.br\/parceiro\/","name":"Partner - Fly Sports","isPartOf":{"@id":"https:\/\/www.flysports.com.br\/#website"},"primaryImageOfPage":{"@id":"https:\/\/www.flysports.com.br\/parceiro\/#primaryimage"},"image":{"@id":"https:\/\/www.flysports.com.br\/parceiro\/#primaryimage"},"thumbnailUrl":"https:\/\/www.flysports.com.br\/wp-content\/uploads\/2022\/01\/pagina_inicial_03-1.png","datePublished":"2021-09-15T23:15:37+00:00","dateModified":"2025-08-01T15:42:56+00:00","breadcrumb":{"@id":"https:\/\/www.flysports.com.br\/parceiro\/#breadcrumb"},"inLanguage":"en-US","potentialAction":[{"@type":"ReadAction","target":["https:\/\/www.flysports.com.br\/parceiro\/"]}]},{"@type":"ImageObject","inLanguage":"en-US","@id":"https:\/\/www.flysports.com.br\/parceiro\/#primaryimage","url":"https:\/\/www.flysports.com.br\/wp-content\/uploads\/2022\/01\/pagina_inicial_03-1.png","contentUrl":"https:\/\/www.flysports.com.br\/wp-content\/uploads\/2022\/01\/pagina_inicial_03-1.png"},{"@type":"BreadcrumbList","@id":"https:\/\/www.flysports.com.br\/parceiro\/#breadcrumb","itemListElement":[{"@type":"ListItem","position":1,"name":"In\u00edcio","item":"https:\/\/www.flysports.com.br\/"},{"@type":"ListItem","position":2,"name":"Parceiro"}]},{"@type":"WebSite","@id":"https:\/\/www.flysports.com.br\/#website","url":"https:\/\/www.flysports.com.br\/","name":"Fly Sports","description":"Tennis Academy","publisher":{"@id":"https:\/\/www.flysports.com.br\/#organization"},"potentialAction":[{"@type":"SearchAction","target":{"@type":"EntryPoint","urlTemplate":"https:\/\/www.flysports.com.br\/?s={search_term_string}"},"query-input":{"@type":"PropertyValueSpecification","valueRequired":true,"valueName":"search_term_string"}}],"inLanguage":"en-US"},{"@type":"Organization","@id":"https:\/\/www.flysports.com.br\/#organization","name":"Fly Sports","url":"https:\/\/www.flysports.com.br\/","logo":{"@type":"ImageObject","inLanguage":"en-US","@id":"https:\/\/www.flysports.com.br\/#\/schema\/logo\/image\/","url":"https:\/\/www.flysports.com.br\/wp-content\/uploads\/2021\/08\/pagina_inicial_03.png","contentUrl":"https:\/\/www.flysports.com.br\/wp-content\/uploads\/2021\/08\/pagina_inicial_03.png","width":136,"height":75,"caption":"Fly Sports"},"image":{"@id":"https:\/\/www.flysports.com.br\/#\/schema\/logo\/image\/"}}]}},"_links":{"self":[{"href":"https:\/\/www.flysports.com.br\/en\/wp-json\/wp\/v2\/pages\/559","targetHints":{"allow":["GET"]}}],"collection":[{"href":"https:\/\/www.flysports.com.br\/en\/wp-json\/wp\/v2\/pages"}],"about":[{"href":"https:\/\/www.flysports.com.br\/en\/wp-json\/wp\/v2\/types\/page"}],"author":[{"embeddable":true,"href":"https:\/\/www.flysports.com.br\/en\/wp-json\/wp\/v2\/users\/1"}],"replies":[{"embeddable":true,"href":"https:\/\/www.flysports.com.br\/en\/wp-json\/wp\/v2\/comments?post=559"}],"version-history":[{"count":10,"href":"https:\/\/www.flysports.com.br\/en\/wp-json\/wp\/v2\/pages\/559\/revisions"}],"predecessor-version":[{"id":2457,"href":"https:\/\/www.flysports.com.br\/en\/wp-json\/wp\/v2\/pages\/559\/revisions\/2457"}],"wp:attachment":[{"href":"https:\/\/www.flysports.com.br\/en\/wp-json\/wp\/v2\/media?parent=559"}],"curies":[{"name":"wp","href":"https:\/\/api.w.org\/{rel}","templated":true}]}}