{"id":534,"date":"2021-09-10T17:14:20","date_gmt":"2021-09-10T17:14:20","guid":{"rendered":"https:\/\/www.flysports.com.br\/?page_id=534"},"modified":"2022-01-29T22:09:04","modified_gmt":"2022-01-29T22:09:04","slug":"blog","status":"publish","type":"page","link":"https:\/\/www.flysports.com.br\/en\/blog\/","title":{"rendered":"Blog"},"content":{"rendered":"<div data-elementor-type=\"wp-page\" data-elementor-id=\"534\" class=\"elementor elementor-534\">\n\t\t\t\t\t\t<section class=\"has_ma_el_bg_slider elementor-section elementor-top-section elementor-element elementor-element-9da5dec elementor-section-boxed elementor-section-height-default elementor-section-height-default jltma-glass-effect-no wpr-particle-no wpr-jarallax-no wpr-parallax-no wpr-sticky-section-no\" data-id=\"9da5dec\" data-element_type=\"section\" data-settings=\"{&quot;background_background&quot;:&quot;classic&quot;}\">\n\t\t\t\t\t\t\t<div class=\"elementor-background-overlay\"><\/div>\n\t\t\t\t\t\t\t<div class=\"elementor-container elementor-column-gap-default\">\n\t\t\t\t\t<div class=\"has_ma_el_bg_slider elementor-column elementor-col-100 elementor-top-column elementor-element elementor-element-b526343 jltma-glass-effect-no\" data-id=\"b526343\" data-element_type=\"column\">\n\t\t\t<div class=\"elementor-widget-wrap elementor-element-populated\">\n\t\t\t\t\t\t<div class=\"elementor-element elementor-element-652c8a0 jltma-glass-effect-no elementor-widget elementor-widget-heading\" data-id=\"652c8a0\" data-element_type=\"widget\" data-widget_type=\"heading.default\">\n\t\t\t\t<div class=\"elementor-widget-container\">\n\t\t\t\t\t<h2 class=\"elementor-heading-title elementor-size-default\">We are truly passionate about tennis.<\/h2>\t\t\t\t<\/div>\n\t\t\t\t<\/div>\n\t\t\t\t\t<\/div>\n\t\t<\/div>\n\t\t\t\t\t<\/div>\n\t\t<\/section>\n\t\t\t\t<section class=\"has_ma_el_bg_slider elementor-section elementor-top-section elementor-element elementor-element-1834704 elementor-section-boxed elementor-section-height-default elementor-section-height-default jltma-glass-effect-no wpr-particle-no wpr-jarallax-no wpr-parallax-no wpr-sticky-section-no\" data-id=\"1834704\" data-element_type=\"section\">\n\t\t\t\t\t\t<div class=\"elementor-container elementor-column-gap-default\">\n\t\t\t\t\t<div class=\"has_ma_el_bg_slider elementor-column elementor-col-100 elementor-top-column elementor-element elementor-element-0e0cc16 jltma-glass-effect-no\" data-id=\"0e0cc16\" data-element_type=\"column\">\n\t\t\t<div class=\"elementor-widget-wrap elementor-element-populated\">\n\t\t\t\t\t\t<div class=\"elementor-element elementor-element-a08fe70 jltma-glass-effect-no elementor-widget elementor-widget-elementskit-category-list\" data-id=\"a08fe70\" data-element_type=\"widget\" data-widget_type=\"elementskit-category-list.default\">\n\t\t\t\t<div class=\"elementor-widget-container\">\n\t\t\t\t\t<div class=\"ekit-wid-con\" >\t\t<ul class=\"elementor-icon-list-items elementor-inline-items\">\n\t\t\t\t\t<\/ul>\n\t\t<\/div>\t\t\t\t<\/div>\n\t\t\t\t<\/div>\n\t\t\t\t<div class=\"elementor-element elementor-element-de2fea1 jltma-navigation-type-arrows jltma-carousel-style-carousel jltma-glass-effect-no elementor-widget elementor-widget-ma-blog-post\" data-id=\"de2fea1\" data-element_type=\"widget\" data-settings=\"{&quot;ma_el_post_grid_layout&quot;:&quot;grid&quot;,&quot;autoheight&quot;:&quot;yes&quot;,&quot;item_gap&quot;:{&quot;unit&quot;:&quot;px&quot;,&quot;size&quot;:35,&quot;sizes&quot;:[]}}\" data-widget_type=\"ma-blog-post.default\">\n\t\t\t\t<div class=\"elementor-widget-container\">\n\t\t\t\t\t\n\t\t\t\t\t\t\t\t\t\t\t<div class=\"jltma-blog\">\n\n\t\t\t\t\t\t\t\n\n\t\t\t\t\t\t\t<div class=\"jltma-blog-wrapper jltma-blog-grid jltma-row\">\n\n\t\t\t\t\t\t\t\t\n\t\t\t\t\t\t<div class=\"jltma-post-outer-container jltma-col-3\">\n\t\t\t\t\n\n\t\t\t\t<div class=\"jltma-blog-post jltma-default-post                cards\">\n\n\t\t\t\t\t\n\t\t\t\t\t\t\t\n\t\t\t\t\t\t\t\t\n\t\t\t\t\t\t\t\t\t\n\t\t\t\t\t\t\t\t\t\t\n\t\t\t\t\t\t\t\t\t\t\t<div >\n\t\t\t\t\t\t\t<div\n\t\t\t\t\t\t\t\tclass=\"jltma-post-thumbnail jltma-img-none jltma-img-shape-none\">\n\t\t\t\t\t\t\t\t<a href=\"https:\/\/www.flysports.com.br\/en\/2021\/09\/10\/soares-comenta-ida-a-final-do-us-open-estou-surpreso\/\" target=\"_self\">\n\t\t\t\t\t\t\t\t\t<img fetchpriority=\"high\" decoding=\"async\" width=\"1920\" height=\"1080\" src=\"https:\/\/www.flysports.com.br\/wp-content\/uploads\/2021\/09\/soares-us-open-2021-feature.jpg\" class=\"attachment-full size-full wp-post-image\" alt=\"\" srcset=\"https:\/\/www.flysports.com.br\/wp-content\/uploads\/2021\/09\/soares-us-open-2021-feature.jpg 1920w, https:\/\/www.flysports.com.br\/wp-content\/uploads\/2021\/09\/soares-us-open-2021-feature-300x169.jpg 300w, https:\/\/www.flysports.com.br\/wp-content\/uploads\/2021\/09\/soares-us-open-2021-feature-1024x576.jpg 1024w, https:\/\/www.flysports.com.br\/wp-content\/uploads\/2021\/09\/soares-us-open-2021-feature-768x432.jpg 768w, https:\/\/www.flysports.com.br\/wp-content\/uploads\/2021\/09\/soares-us-open-2021-feature-1536x864.jpg 1536w, https:\/\/www.flysports.com.br\/wp-content\/uploads\/2021\/09\/soares-us-open-2021-feature-1568x882.jpg 1568w\" sizes=\"(max-width: 1920px) 100vw, 1920px\" style=\"width:100%;height:56.25%;max-width:1920px;\" \/>\t\t\t\t\t\t\t\t<\/a>\n\t\t\t\t\t\t\t\t\t\t\t\t\t\t\t<\/div>\n\t\t\t\t\t\t<\/div>\n\t\t\t\t\t\n\t\t\t\t\n\t\t\t\t\t\t\t\t\t\t<div\n\t\t\t\t\t\t\t\t\t\t\tclass=\"jltma-blog-effect-container jltma-blog-none-effect\">\n\t\t\t\t\t\t\t\t\t\t\t<a class=\"jltma-post-link\" href=\"https:\/\/www.flysports.com.br\/en\/2021\/09\/10\/soares-comenta-ida-a-final-do-us-open-estou-surpreso\/\"\n\t\t\t\t\t\t\t\t\t\t\t\ttarget=\"_self\"><\/a>\n\t\t\t\t\t\t\t\t\t\t\t\t\t\t\t\t\t\t\t\t\t<\/div>\n\n\n\n\t\t\t\t\t\t\t\t\t\t\n\t\t\t\t\t\t\t\t\t\n\t\t\t\t\t\t\t\t\t\n\n\n\t\t\t\t\t\t\t\t\t\n\t\t\t\t\t\t\t\t\t\t\n\t\t\t\t\t\t\t\t\t\t\t\n\t\t\t\t\t\t\t\t\t\t\t\t<div class=\"jltma-post-content\">\n\n\t\t\t\t\t\t\t\t\t\t\t\t\t<div class=\"jltma-blog-inner-container\">\n\n\t\t\t\t\t\t\t\t\t\t\t\t\t\t\n\t\t\t\t\t\t\t\t\t\t\t\t\t\t<div class=\"jltma-blog-entry-container\">\n\t\t\t\t\t\t\t\t\t\t\t\t\t\t\t\n\t\t\t<h2 class=\"jltma-entry-title\">\n\t\t\t\t<a href=\"https:\/\/www.flysports.com.br\/en\/2021\/09\/10\/soares-comenta-ida-a-final-do-us-open-estou-surpreso\/\" target=\"_self\">Soares comments on going to the US Open final: &#039;I&#039;m surprised&#039;<\/a>\n\t\t\t<\/h2>\n\n\t\t\t\t\t\t\t\t\t\t\t\t\t\t\t\t<\/div>\n\t\t\t\t\t\t\t\t\t\t\t\t\t<\/div>\n\n\n\t\t\t\t\t\t\t\t\t\t\t\t\t\n\t\t\t\t\t\t\t\t\t\t\t\t\t\t\t<div class=\"jltma-blog-post-content-wrap\" style=\"margin-left:0px;\">\n\t\t\t<p>\nBruno Soares, from Minas Gerais, also commented on the court that he was surprised to have reached the final of the US Open, just over a <br> <a href=\"https:\/\/www.flysports.com.br\/en\/2021\/09\/10\/soares-comenta-ida-a-final-do-us-open-estou-surpreso\/\" class=\"jltma-post-btn\"><\/a><\/p>\t\t<\/div>\n\t\t\n\t\t\t<div class=\"jltma-post-entry-meta\" style=\"margin-left:0px\">\n\n\t\t\t\t\n\t\t\t\t\t\t\t\t\t<span class=\"jltma-post-date\">\n\t\t\t\t\t\t\t\t\t\t\t\t\t<i class=\"fa fa-calendar fa-fw\"><\/i>\n\t\t\t\t\t\t\n\t\t\t\t\t\t\t\t\t\t\t\t\t<a href=\"https:\/\/www.flysports.com.br\/en\/2021\/09\/10\/soares-comenta-ida-a-final-do-us-open-estou-surpreso\/\"\n\t\t\t\t\t\t\t\ttarget=\"_self\">September 10, 2021<\/a>\n\t\t\t\t\t\t\t\t\t\t\t<\/span>\n\t\t\t\t\n\t\t\t\t\n\t\t\t\t\n\t\t\t<\/div>\n\n\t\t\t\n\t\t\t\t\t\t\t\t\t\t\t\t\t\t\t\t\t\t\t\t\t\t\t\t\t<\/div>\n\n\n\t\t\t\t\t\t\t\t\t\t\t\t\n\t\t\t\t\t\t\t\t\t\t\t\n\n\t\t\t\t\t\t\t\t\t\n\n\t\t\t\t\t\t<\/div>\n\t\t\t\t\t<\/div>\n\n\t\t\t\t\n\t\t\t\t\t\t\t<\/div>\n\n\t\t\t\t\t\t\t\n\t\t\t\t\t<\/div>\n\n\n\t\t\t\t\t\t\t\t\t<\/div>\n\t\t\t\t<\/div>\n\t\t\t\t\t<\/div>\n\t\t<\/div>\n\t\t\t\t\t<\/div>\n\t\t<\/section>\n\t\t\t\t<\/div>","protected":false},"excerpt":{"rendered":"<p>We are truly passionate about tennis. Soares comments on going to the US Open final: &#039;I&#039;m surprised&#039; Bruno Soares, from Minas Gerais, also commented on the court how surprised he is to have reached the US Open final, just over a September 10, 2021<\/p>","protected":false},"author":1,"featured_media":0,"parent":0,"menu_order":0,"comment_status":"closed","ping_status":"closed","template":"","meta":{"_acf_changed":false,"footnotes":""},"class_list":["post-534","page","type-page","status-publish","hentry","entry"],"acf":[],"yoast_head":"<!-- This site is optimized with the Yoast SEO plugin v25.6 - https:\/\/yoast.com\/wordpress\/plugins\/seo\/ -->\n<title>Blog - Fly Sports<\/title>\n<meta name=\"robots\" content=\"index, follow, max-snippet:-1, max-image-preview:large, max-video-preview:-1\" \/>\n<link rel=\"canonical\" href=\"https:\/\/www.flysports.com.br\/en\/blog\/\" \/>\n<meta property=\"og:locale\" content=\"en_US\" \/>\n<meta property=\"og:type\" content=\"article\" \/>\n<meta property=\"og:title\" content=\"Blog - Fly Sports\" \/>\n<meta property=\"og:description\" content=\"Somos verdadeiramente apaixonados por t\u00eanis. Soares comenta ida \u00e0 final do US Open: &#8216;Estou surpreso&#8217; O mineiro Bruno Soares comentou ainda em quadra a surpresa que est\u00e1 de ter alcan\u00e7ado a final do US Open, passado pouco mais de um setembro 10, 2021\" \/>\n<meta property=\"og:url\" content=\"https:\/\/www.flysports.com.br\/en\/blog\/\" \/>\n<meta property=\"og:site_name\" content=\"Fly Sports\" \/>\n<meta property=\"article:modified_time\" content=\"2022-01-29T22:09:04+00:00\" \/>\n<meta property=\"og:image\" content=\"https:\/\/www.flysports.com.br\/wp-content\/uploads\/2021\/09\/soares-us-open-2021-feature.jpg\" \/>\n<meta name=\"twitter:card\" content=\"summary_large_image\" \/>\n<meta name=\"twitter:label1\" content=\"Est. reading time\" \/>\n\t<meta name=\"twitter:data1\" content=\"1 minute\" \/>\n<script type=\"application\/ld+json\" class=\"yoast-schema-graph\">{\"@context\":\"https:\/\/schema.org\",\"@graph\":[{\"@type\":\"WebPage\",\"@id\":\"https:\/\/www.flysports.com.br\/blog\/\",\"url\":\"https:\/\/www.flysports.com.br\/blog\/\",\"name\":\"Blog - Fly Sports\",\"isPartOf\":{\"@id\":\"https:\/\/www.flysports.com.br\/#website\"},\"primaryImageOfPage\":{\"@id\":\"https:\/\/www.flysports.com.br\/blog\/#primaryimage\"},\"image\":{\"@id\":\"https:\/\/www.flysports.com.br\/blog\/#primaryimage\"},\"thumbnailUrl\":\"https:\/\/www.flysports.com.br\/wp-content\/uploads\/2021\/09\/soares-us-open-2021-feature.jpg\",\"datePublished\":\"2021-09-10T17:14:20+00:00\",\"dateModified\":\"2022-01-29T22:09:04+00:00\",\"breadcrumb\":{\"@id\":\"https:\/\/www.flysports.com.br\/blog\/#breadcrumb\"},\"inLanguage\":\"en-US\",\"potentialAction\":[{\"@type\":\"ReadAction\",\"target\":[\"https:\/\/www.flysports.com.br\/blog\/\"]}]},{\"@type\":\"ImageObject\",\"inLanguage\":\"en-US\",\"@id\":\"https:\/\/www.flysports.com.br\/blog\/#primaryimage\",\"url\":\"https:\/\/www.flysports.com.br\/wp-content\/uploads\/2021\/09\/soares-us-open-2021-feature.jpg\",\"contentUrl\":\"https:\/\/www.flysports.com.br\/wp-content\/uploads\/2021\/09\/soares-us-open-2021-feature.jpg\"},{\"@type\":\"BreadcrumbList\",\"@id\":\"https:\/\/www.flysports.com.br\/blog\/#breadcrumb\",\"itemListElement\":[{\"@type\":\"ListItem\",\"position\":1,\"name\":\"In\u00edcio\",\"item\":\"https:\/\/www.flysports.com.br\/\"},{\"@type\":\"ListItem\",\"position\":2,\"name\":\"Blog\"}]},{\"@type\":\"WebSite\",\"@id\":\"https:\/\/www.flysports.com.br\/#website\",\"url\":\"https:\/\/www.flysports.com.br\/\",\"name\":\"Fly Sports\",\"description\":\"Academia de T\u00eanis\",\"publisher\":{\"@id\":\"https:\/\/www.flysports.com.br\/#organization\"},\"potentialAction\":[{\"@type\":\"SearchAction\",\"target\":{\"@type\":\"EntryPoint\",\"urlTemplate\":\"https:\/\/www.flysports.com.br\/?s={search_term_string}\"},\"query-input\":{\"@type\":\"PropertyValueSpecification\",\"valueRequired\":true,\"valueName\":\"search_term_string\"}}],\"inLanguage\":\"en-US\"},{\"@type\":\"Organization\",\"@id\":\"https:\/\/www.flysports.com.br\/#organization\",\"name\":\"Fly Sports\",\"url\":\"https:\/\/www.flysports.com.br\/\",\"logo\":{\"@type\":\"ImageObject\",\"inLanguage\":\"en-US\",\"@id\":\"https:\/\/www.flysports.com.br\/#\/schema\/logo\/image\/\",\"url\":\"https:\/\/www.flysports.com.br\/wp-content\/uploads\/2021\/08\/pagina_inicial_03.png\",\"contentUrl\":\"https:\/\/www.flysports.com.br\/wp-content\/uploads\/2021\/08\/pagina_inicial_03.png\",\"width\":136,\"height\":75,\"caption\":\"Fly Sports\"},\"image\":{\"@id\":\"https:\/\/www.flysports.com.br\/#\/schema\/logo\/image\/\"}}]}<\/script>\n<!-- \/ Yoast SEO plugin. -->","yoast_head_json":{"title":"Blog - Fly Sports","robots":{"index":"index","follow":"follow","max-snippet":"max-snippet:-1","max-image-preview":"max-image-preview:large","max-video-preview":"max-video-preview:-1"},"canonical":"https:\/\/www.flysports.com.br\/en\/blog\/","og_locale":"en_US","og_type":"article","og_title":"Blog - Fly Sports","og_description":"Somos verdadeiramente apaixonados por t\u00eanis. Soares comenta ida \u00e0 final do US Open: &#8216;Estou surpreso&#8217; O mineiro Bruno Soares comentou ainda em quadra a surpresa que est\u00e1 de ter alcan\u00e7ado a final do US Open, passado pouco mais de um setembro 10, 2021","og_url":"https:\/\/www.flysports.com.br\/en\/blog\/","og_site_name":"Fly Sports","article_modified_time":"2022-01-29T22:09:04+00:00","og_image":[{"url":"https:\/\/www.flysports.com.br\/wp-content\/uploads\/2021\/09\/soares-us-open-2021-feature.jpg","type":"","width":"","height":""}],"twitter_card":"summary_large_image","twitter_misc":{"Est. reading time":"1 minute"},"schema":{"@context":"https:\/\/schema.org","@graph":[{"@type":"WebPage","@id":"https:\/\/www.flysports.com.br\/blog\/","url":"https:\/\/www.flysports.com.br\/blog\/","name":"Blog - Fly Sports","isPartOf":{"@id":"https:\/\/www.flysports.com.br\/#website"},"primaryImageOfPage":{"@id":"https:\/\/www.flysports.com.br\/blog\/#primaryimage"},"image":{"@id":"https:\/\/www.flysports.com.br\/blog\/#primaryimage"},"thumbnailUrl":"https:\/\/www.flysports.com.br\/wp-content\/uploads\/2021\/09\/soares-us-open-2021-feature.jpg","datePublished":"2021-09-10T17:14:20+00:00","dateModified":"2022-01-29T22:09:04+00:00","breadcrumb":{"@id":"https:\/\/www.flysports.com.br\/blog\/#breadcrumb"},"inLanguage":"en-US","potentialAction":[{"@type":"ReadAction","target":["https:\/\/www.flysports.com.br\/blog\/"]}]},{"@type":"ImageObject","inLanguage":"en-US","@id":"https:\/\/www.flysports.com.br\/blog\/#primaryimage","url":"https:\/\/www.flysports.com.br\/wp-content\/uploads\/2021\/09\/soares-us-open-2021-feature.jpg","contentUrl":"https:\/\/www.flysports.com.br\/wp-content\/uploads\/2021\/09\/soares-us-open-2021-feature.jpg"},{"@type":"BreadcrumbList","@id":"https:\/\/www.flysports.com.br\/blog\/#breadcrumb","itemListElement":[{"@type":"ListItem","position":1,"name":"In\u00edcio","item":"https:\/\/www.flysports.com.br\/"},{"@type":"ListItem","position":2,"name":"Blog"}]},{"@type":"WebSite","@id":"https:\/\/www.flysports.com.br\/#website","url":"https:\/\/www.flysports.com.br\/","name":"Fly Sports","description":"Tennis Academy","publisher":{"@id":"https:\/\/www.flysports.com.br\/#organization"},"potentialAction":[{"@type":"SearchAction","target":{"@type":"EntryPoint","urlTemplate":"https:\/\/www.flysports.com.br\/?s={search_term_string}"},"query-input":{"@type":"PropertyValueSpecification","valueRequired":true,"valueName":"search_term_string"}}],"inLanguage":"en-US"},{"@type":"Organization","@id":"https:\/\/www.flysports.com.br\/#organization","name":"Fly Sports","url":"https:\/\/www.flysports.com.br\/","logo":{"@type":"ImageObject","inLanguage":"en-US","@id":"https:\/\/www.flysports.com.br\/#\/schema\/logo\/image\/","url":"https:\/\/www.flysports.com.br\/wp-content\/uploads\/2021\/08\/pagina_inicial_03.png","contentUrl":"https:\/\/www.flysports.com.br\/wp-content\/uploads\/2021\/08\/pagina_inicial_03.png","width":136,"height":75,"caption":"Fly Sports"},"image":{"@id":"https:\/\/www.flysports.com.br\/#\/schema\/logo\/image\/"}}]}},"_links":{"self":[{"href":"https:\/\/www.flysports.com.br\/en\/wp-json\/wp\/v2\/pages\/534","targetHints":{"allow":["GET"]}}],"collection":[{"href":"https:\/\/www.flysports.com.br\/en\/wp-json\/wp\/v2\/pages"}],"about":[{"href":"https:\/\/www.flysports.com.br\/en\/wp-json\/wp\/v2\/types\/page"}],"author":[{"embeddable":true,"href":"https:\/\/www.flysports.com.br\/en\/wp-json\/wp\/v2\/users\/1"}],"replies":[{"embeddable":true,"href":"https:\/\/www.flysports.com.br\/en\/wp-json\/wp\/v2\/comments?post=534"}],"version-history":[{"count":10,"href":"https:\/\/www.flysports.com.br\/en\/wp-json\/wp\/v2\/pages\/534\/revisions"}],"predecessor-version":[{"id":783,"href":"https:\/\/www.flysports.com.br\/en\/wp-json\/wp\/v2\/pages\/534\/revisions\/783"}],"wp:attachment":[{"href":"https:\/\/www.flysports.com.br\/en\/wp-json\/wp\/v2\/media?parent=534"}],"curies":[{"name":"wp","href":"https:\/\/api.w.org\/{rel}","templated":true}]}}